{"id":196,"date":"2016-12-15T16:13:13","date_gmt":"2016-12-15T15:13:13","guid":{"rendered":"http:\/\/old.eventresan.se\/tonyresan\/?page_id=196"},"modified":"2016-12-15T16:13:13","modified_gmt":"2016-12-15T15:13:13","slug":"kontakt","status":"publish","type":"page","link":"https:\/\/eventresan.se\/tonyresan\/kontakt\/","title":{"rendered":"Kontakt"},"content":{"rendered":"<p>\t\t\t\tKontaktuppgifter till arrang\u00f6rerna p\u00e5 f\u00f6retaget 7H Event &amp; Konferens:&nbsp;<\/p>\n<p>&nbsp;<\/p>\n<p>&nbsp;<\/p>\n<p><img loading=\"lazy\" class=\"alignnone wp-image-199\" src=\"https:\/\/eventresan.se\/tonyresan\/wp-content\/uploads\/sites\/2\/2016\/12\/IMG_8377-e1481814714257.jpg\" alt=\"img_8377\" width=\"182\" height=\"182\"><br \/>\nDaniel Everborn<\/p>\n<p>0709 &#8211; 48 78 35<br \/>\n<a href=\"mailto:daniel@7hek.se\">daniel@7hek.se<\/a><\/p>\n<p>&nbsp;<\/p>\n<p><img loading=\"lazy\" class=\"alignnone wp-image-197\" src=\"https:\/\/eventresan.se\/tonyresan\/wp-content\/uploads\/sites\/2\/2016\/12\/7H-EventKoferens-logo.png\" alt=\"7h-eventkoferens-logo\" width=\"352\" height=\"80\" srcset=\"https:\/\/eventresan.se\/tonyresan\/wp-content\/uploads\/sites\/2\/2016\/12\/7H-EventKoferens-logo.png 1728w, https:\/\/eventresan.se\/tonyresan\/wp-content\/uploads\/sites\/2\/2016\/12\/7H-EventKoferens-logo-300x68.png 300w, https:\/\/eventresan.se\/tonyresan\/wp-content\/uploads\/sites\/2\/2016\/12\/7H-EventKoferens-logo-1024x233.png 1024w, https:\/\/eventresan.se\/tonyresan\/wp-content\/uploads\/sites\/2\/2016\/12\/7H-EventKoferens-logo-768x175.png 768w, https:\/\/eventresan.se\/tonyresan\/wp-content\/uploads\/sites\/2\/2016\/12\/7H-EventKoferens-logo-1536x349.png 1536w, https:\/\/eventresan.se\/tonyresan\/wp-content\/uploads\/sites\/2\/2016\/12\/7H-EventKoferens-logo-1200x273.png 1200w\" sizes=\"(max-width: 352px) 100vw, 352px\" \/>\t\t<\/p>\n","protected":false},"excerpt":{"rendered":"<p>Kontaktuppgifter till arrang\u00f6rerna p\u00e5 f\u00f6retaget 7H Event &amp; Konferens:&nbsp; &nbsp; &nbsp; Daniel Everborn 0709 &#8211; 48 78 35 daniel@7hek.se &nbsp;<\/p>\n","protected":false},"author":1,"featured_media":0,"parent":0,"menu_order":0,"comment_status":"closed","ping_status":"closed","template":"","meta":[],"_links":{"self":[{"href":"https:\/\/eventresan.se\/tonyresan\/wp-json\/wp\/v2\/pages\/196"}],"collection":[{"href":"https:\/\/eventresan.se\/tonyresan\/wp-json\/wp\/v2\/pages"}],"about":[{"href":"https:\/\/eventresan.se\/tonyresan\/wp-json\/wp\/v2\/types\/page"}],"author":[{"embeddable":true,"href":"https:\/\/eventresan.se\/tonyresan\/wp-json\/wp\/v2\/users\/1"}],"replies":[{"embeddable":true,"href":"https:\/\/eventresan.se\/tonyresan\/wp-json\/wp\/v2\/comments?post=196"}],"version-history":[{"count":0,"href":"https:\/\/eventresan.se\/tonyresan\/wp-json\/wp\/v2\/pages\/196\/revisions"}],"wp:attachment":[{"href":"https:\/\/eventresan.se\/tonyresan\/wp-json\/wp\/v2\/media?parent=196"}],"curies":[{"name":"wp","href":"https:\/\/api.w.org\/{rel}","templated":true}]}}