{"id":99,"date":"2016-04-15T11:51:57","date_gmt":"2016-04-15T09:51:57","guid":{"rendered":"http:\/\/ny.dansresan.se\/tonyresan\/?page_id=99"},"modified":"2020-04-07T15:49:40","modified_gmt":"2020-04-07T13:49:40","slug":"ledarpresentation","status":"publish","type":"page","link":"https:\/\/eventresan.se\/tonyresan\/ledarpresentation\/","title":{"rendered":"Ledarpresentation"},"content":{"rendered":"\n<h2><strong>Tony Irving<\/strong><\/h2>\n\n\n\n<p>Tony Irving \u00e4r en dansinstrukt\u00f6r med bred kunskap och mycket erfarenhet. K\u00e4nd fr\u00e5n TV i programmet Let&#8217;s Dance, har ocks\u00e5 ett radioprogram p\u00e5 l\u00f6rdagar p\u00e5 Mix Megapol. Tony \u00e4r \u00e4ven domare i dans och har flertalet utm\u00e4rkelser i t\u00e4vlingssammanhang. Tony har \u00e4ven skrivit flera b\u00f6cker och varje vecka \u00e4r han p\u00e5 Viking Line Cinderella p\u00e5 danskryssning!<\/p>\n\n\n\n<h2><strong>Daniel Everborn<\/strong><\/h2>\n\n\n\n<p>Daniel r\u00f6r sig inom bugg och rock&#8217;n rolldanserna han \u00e4r t\u00e4vlingsdansare med flera \u00e5rs erfarenhet och bra resultat fr\u00e5n t\u00e4vlingsgolvet. Daniel \u00e4r en uppskattad instrukt\u00f6r som jobbar med f\u00f6reningar och skolor runt om i landet, han \u00e4r \u00e4ven domare. Daniels fr\u00e4msta egenskap \u00e4r att f\u00e5nga upp en grupp och han gillar humor och blandar g\u00e4rna in det i sina tr\u00e4ningar.<\/p>\n\n\n\n<h2><strong>Susanna <strong>Everborn<\/strong><\/strong><\/h2>\n\n\n\n<p>Susanna har dansat\/t\u00e4vlat i bugg och rock&#8217;n rolldanserna sen barnsben och tillh\u00f6r idag tillsammans med sin partner Daniel Everborn eliten i bugg. Susanna har de senaste \u00e5ren instruerat mer och mer och hon brinner f\u00f6r socialdans d\u00e5 det \u00e4r v\u00e4ldigt viktigt med gl\u00e4dje i dansen. Susannas fr\u00e4msta gemenskap \u00e4r hennes f\u00f6rm\u00e5ga att sprida gl\u00e4dje i ett rum!<\/p>\n","protected":false},"excerpt":{"rendered":"<p>Tony Irving Tony Irving \u00e4r en dansinstrukt\u00f6r med bred kunskap och mycket erfarenhet. K\u00e4nd fr\u00e5n TV i programmet Let&#8217;s Dance, har ocks\u00e5 ett radioprogram p\u00e5 l\u00f6rdagar p\u00e5 Mix Megapol. Tony \u00e4r \u00e4ven domare i dans och har flertalet utm\u00e4rkelser i t\u00e4vlingssammanhang. Tony har \u00e4ven skrivit flera b\u00f6cker och varje vecka \u00e4r han p\u00e5 Viking Line [&hellip;]<\/p>\n","protected":false},"author":1,"featured_media":0,"parent":0,"menu_order":0,"comment_status":"closed","ping_status":"closed","template":"","meta":[],"_links":{"self":[{"href":"https:\/\/eventresan.se\/tonyresan\/wp-json\/wp\/v2\/pages\/99"}],"collection":[{"href":"https:\/\/eventresan.se\/tonyresan\/wp-json\/wp\/v2\/pages"}],"about":[{"href":"https:\/\/eventresan.se\/tonyresan\/wp-json\/wp\/v2\/types\/page"}],"author":[{"embeddable":true,"href":"https:\/\/eventresan.se\/tonyresan\/wp-json\/wp\/v2\/users\/1"}],"replies":[{"embeddable":true,"href":"https:\/\/eventresan.se\/tonyresan\/wp-json\/wp\/v2\/comments?post=99"}],"version-history":[{"count":2,"href":"https:\/\/eventresan.se\/tonyresan\/wp-json\/wp\/v2\/pages\/99\/revisions"}],"predecessor-version":[{"id":319,"href":"https:\/\/eventresan.se\/tonyresan\/wp-json\/wp\/v2\/pages\/99\/revisions\/319"}],"wp:attachment":[{"href":"https:\/\/eventresan.se\/tonyresan\/wp-json\/wp\/v2\/media?parent=99"}],"curies":[{"name":"wp","href":"https:\/\/api.w.org\/{rel}","templated":true}]}}